{"id":413,"date":"2023-07-12T20:48:18","date_gmt":"2023-07-12T20:48:18","guid":{"rendered":"https:\/\/catwinternational.org\/es\/?page_id=413"},"modified":"2023-08-01T20:13:57","modified_gmt":"2023-08-01T20:13:57","slug":"el-desafio","status":"publish","type":"page","link":"https:\/\/catwinternational.org\/es\/el-desafio\/","title":{"rendered":"El Desaf\u00edo"},"content":{"rendered":"","protected":false},"excerpt":{"rendered":"","protected":false},"author":8,"featured_media":0,"parent":0,"menu_order":3,"comment_status":"closed","ping_status":"closed","template":"","meta":{"_acf_changed":false,"footnotes":""},"class_list":["post-413","page","type-page","status-publish","hentry"],"acf":[],"yoast_head":"<!-- This site is optimized with the Yoast SEO plugin v27.2 - https:\/\/yoast.com\/product\/yoast-seo-wordpress\/ -->\n<title>El Desaf\u00edo - Espa\u00f1ol CATW<\/title>\n<meta name=\"robots\" content=\"index, follow, max-snippet:-1, max-image-preview:large, max-video-preview:-1\" \/>\n<link rel=\"canonical\" href=\"https:\/\/catwinternational.org\/es\/el-desafio\/\" \/>\n<meta property=\"og:locale\" content=\"en_US\" \/>\n<meta property=\"og:type\" content=\"article\" \/>\n<meta property=\"og:title\" content=\"El Desaf\u00edo - Espa\u00f1ol CATW\" \/>\n<meta property=\"og:url\" content=\"https:\/\/catwinternational.org\/es\/el-desafio\/\" \/>\n<meta property=\"og:site_name\" content=\"Espa\u00f1ol CATW\" \/>\n<meta property=\"article:modified_time\" content=\"2023-08-01T20:13:57+00:00\" \/>\n<meta name=\"twitter:card\" content=\"summary_large_image\" \/>\n<script type=\"application\/ld+json\" class=\"yoast-schema-graph\">{\"@context\":\"https:\/\/schema.org\",\"@graph\":[{\"@type\":\"WebPage\",\"@id\":\"https:\/\/catwinternational.org\/es\/el-desafio\/\",\"url\":\"https:\/\/catwinternational.org\/es\/el-desafio\/\",\"name\":\"El Desaf\u00edo - Espa\u00f1ol CATW\",\"isPartOf\":{\"@id\":\"https:\/\/catwinternational.org\/es\/#website\"},\"datePublished\":\"2023-07-12T20:48:18+00:00\",\"dateModified\":\"2023-08-01T20:13:57+00:00\",\"breadcrumb\":{\"@id\":\"https:\/\/catwinternational.org\/es\/el-desafio\/#breadcrumb\"},\"inLanguage\":\"en-US\",\"potentialAction\":[{\"@type\":\"ReadAction\",\"target\":[\"https:\/\/catwinternational.org\/es\/el-desafio\/\"]}]},{\"@type\":\"BreadcrumbList\",\"@id\":\"https:\/\/catwinternational.org\/es\/el-desafio\/#breadcrumb\",\"itemListElement\":[{\"@type\":\"ListItem\",\"position\":1,\"name\":\"Home\",\"item\":\"https:\/\/catwinternational.org\/es\/\"},{\"@type\":\"ListItem\",\"position\":2,\"name\":\"El Desaf\u00edo\"}]},{\"@type\":\"WebSite\",\"@id\":\"https:\/\/catwinternational.org\/es\/#website\",\"url\":\"https:\/\/catwinternational.org\/es\/\",\"name\":\"Espa\u00f1ol CATW\",\"description\":\"coalici\u00f3n contra el tr\u00e1fico de mujeres\",\"potentialAction\":[{\"@type\":\"SearchAction\",\"target\":{\"@type\":\"EntryPoint\",\"urlTemplate\":\"https:\/\/catwinternational.org\/es\/?s={search_term_string}\"},\"query-input\":{\"@type\":\"PropertyValueSpecification\",\"valueRequired\":true,\"valueName\":\"search_term_string\"}}],\"inLanguage\":\"en-US\"}]}<\/script>\n<!-- \/ Yoast SEO plugin. -->","yoast_head_json":{"title":"El Desaf\u00edo - Espa\u00f1ol CATW","robots":{"index":"index","follow":"follow","max-snippet":"max-snippet:-1","max-image-preview":"max-image-preview:large","max-video-preview":"max-video-preview:-1"},"canonical":"https:\/\/catwinternational.org\/es\/el-desafio\/","og_locale":"en_US","og_type":"article","og_title":"El Desaf\u00edo - Espa\u00f1ol CATW","og_url":"https:\/\/catwinternational.org\/es\/el-desafio\/","og_site_name":"Espa\u00f1ol CATW","article_modified_time":"2023-08-01T20:13:57+00:00","twitter_card":"summary_large_image","schema":{"@context":"https:\/\/schema.org","@graph":[{"@type":"WebPage","@id":"https:\/\/catwinternational.org\/es\/el-desafio\/","url":"https:\/\/catwinternational.org\/es\/el-desafio\/","name":"El Desaf\u00edo - Espa\u00f1ol CATW","isPartOf":{"@id":"https:\/\/catwinternational.org\/es\/#website"},"datePublished":"2023-07-12T20:48:18+00:00","dateModified":"2023-08-01T20:13:57+00:00","breadcrumb":{"@id":"https:\/\/catwinternational.org\/es\/el-desafio\/#breadcrumb"},"inLanguage":"en-US","potentialAction":[{"@type":"ReadAction","target":["https:\/\/catwinternational.org\/es\/el-desafio\/"]}]},{"@type":"BreadcrumbList","@id":"https:\/\/catwinternational.org\/es\/el-desafio\/#breadcrumb","itemListElement":[{"@type":"ListItem","position":1,"name":"Home","item":"https:\/\/catwinternational.org\/es\/"},{"@type":"ListItem","position":2,"name":"El Desaf\u00edo"}]},{"@type":"WebSite","@id":"https:\/\/catwinternational.org\/es\/#website","url":"https:\/\/catwinternational.org\/es\/","name":"Espa\u00f1ol CATW","description":"coalici\u00f3n contra el tr\u00e1fico de mujeres","potentialAction":[{"@type":"SearchAction","target":{"@type":"EntryPoint","urlTemplate":"https:\/\/catwinternational.org\/es\/?s={search_term_string}"},"query-input":{"@type":"PropertyValueSpecification","valueRequired":true,"valueName":"search_term_string"}}],"inLanguage":"en-US"}]}},"_links":{"self":[{"href":"https:\/\/catwinternational.org\/es\/wp-json\/wp\/v2\/pages\/413","targetHints":{"allow":["GET"]}}],"collection":[{"href":"https:\/\/catwinternational.org\/es\/wp-json\/wp\/v2\/pages"}],"about":[{"href":"https:\/\/catwinternational.org\/es\/wp-json\/wp\/v2\/types\/page"}],"author":[{"embeddable":true,"href":"https:\/\/catwinternational.org\/es\/wp-json\/wp\/v2\/users\/8"}],"replies":[{"embeddable":true,"href":"https:\/\/catwinternational.org\/es\/wp-json\/wp\/v2\/comments?post=413"}],"version-history":[{"count":0,"href":"https:\/\/catwinternational.org\/es\/wp-json\/wp\/v2\/pages\/413\/revisions"}],"wp:attachment":[{"href":"https:\/\/catwinternational.org\/es\/wp-json\/wp\/v2\/media?parent=413"}],"curies":[{"name":"wp","href":"https:\/\/api.w.org\/{rel}","templated":true}]}}